{"id":2878,"date":"2021-10-05T09:58:47","date_gmt":"2021-10-05T09:58:47","guid":{"rendered":"https:\/\/jorn-johansen.dk\/index.php\/csr-copy\/"},"modified":"2025-08-06T08:06:04","modified_gmt":"2025-08-06T08:06:04","slug":"kontakt","status":"publish","type":"page","link":"https:\/\/jorn-johansen.dk\/index.php\/kontakt\/","title":{"rendered":"Kontakt"},"content":{"rendered":"\t\t<div data-elementor-type=\"wp-post\" data-elementor-id=\"2878\" class=\"elementor elementor-2878\" data-elementor-post-type=\"page\">\n\t\t\t\t\t\t\t\t\t<section class=\"elementor-section elementor-top-section elementor-element elementor-element-79d71b5 elementor-section-full_width elementor-section-stretched elementor-section-height-default elementor-section-height-default\" data-id=\"79d71b5\" data-element_type=\"section\" data-settings=\"{&quot;stretch_section&quot;:&quot;section-stretched&quot;}\">\n\t\t\t\t\t\t<div class=\"elementor-container elementor-column-gap-no\">\n\t\t\t\t\t<div class=\"elementor-column elementor-col-100 elementor-top-column elementor-element elementor-element-6f68d11\" data-id=\"6f68d11\" data-element_type=\"column\">\n\t\t\t<div class=\"elementor-widget-wrap elementor-element-populated\">\n\t\t\t\t\t\t\t\t<div class=\"elementor-element elementor-element-b9b030e elementor--h-position-center elementor--v-position-middle elementor-arrows-position-inside elementor-pagination-position-inside elementor-widget elementor-widget-slides\" data-id=\"b9b030e\" data-element_type=\"widget\" data-settings=\"{&quot;navigation&quot;:&quot;both&quot;,&quot;autoplay&quot;:&quot;yes&quot;,&quot;pause_on_hover&quot;:&quot;yes&quot;,&quot;pause_on_interaction&quot;:&quot;yes&quot;,&quot;autoplay_speed&quot;:5000,&quot;infinite&quot;:&quot;yes&quot;,&quot;transition&quot;:&quot;slide&quot;,&quot;transition_speed&quot;:500}\" data-widget_type=\"slides.default\">\n\t\t\t\t<div class=\"elementor-widget-container\">\n\t\t\t\t\t<div class=\"elementor-swiper\">\n\t\t\t<div class=\"elementor-slides-wrapper elementor-main-swiper swiper-container\" dir=\"ltr\" data-animation=\"fadeInUp\">\n\t\t\t\t<div class=\"swiper-wrapper elementor-slides\">\n\t\t\t\t\t\t\t\t\t\t<div class=\"elementor-repeater-item-8cbf054 swiper-slide\"><div class=\"swiper-slide-bg elementor-ken-burns elementor-ken-burns--in\" role=\"img\"><\/div><div class=\"elementor-background-overlay\"><\/div><div class=\"swiper-slide-inner\" ><div class=\"swiper-slide-contents\"><div class=\"elementor-slide-heading\">Kontakt<\/div><\/div><\/div><\/div>\t\t\t\t<\/div>\n\t\t\t\t\t\t\t<\/div>\n\t\t<\/div>\n\t\t\t\t<\/div>\n\t\t\t\t<\/div>\n\t\t\t\t\t<\/div>\n\t\t<\/div>\n\t\t\t\t\t\t\t<\/div>\n\t\t<\/section>\n\t\t\t\t<section class=\"elementor-section elementor-top-section elementor-element elementor-element-0b3d131 elementor-section-boxed elementor-section-height-default elementor-section-height-default\" data-id=\"0b3d131\" data-element_type=\"section\" id=\"services\" data-settings=\"{&quot;shape_divider_bottom&quot;:&quot;triangle-asymmetrical&quot;}\">\n\t\t\t\t\t<div class=\"elementor-shape elementor-shape-bottom\" data-negative=\"false\">\n\t\t\t<svg xmlns=\"http:\/\/www.w3.org\/2000\/svg\" viewBox=\"0 0 1000 100\" preserveAspectRatio=\"none\">\n\t<path class=\"elementor-shape-fill\" d=\"M738,99l262-93V0H0v5.6L738,99z\"\/>\n<\/svg>\t\t<\/div>\n\t\t\t\t\t<div class=\"elementor-container elementor-column-gap-default\">\n\t\t\t\t\t<div class=\"elementor-column elementor-col-100 elementor-top-column elementor-element elementor-element-80dd8ea\" data-id=\"80dd8ea\" data-element_type=\"column\">\n\t\t\t<div class=\"elementor-widget-wrap elementor-element-populated\">\n\t\t\t\t\t\t\t\t<section class=\"elementor-section elementor-inner-section elementor-element elementor-element-fe6c9d3 elementor-section-boxed elementor-section-height-default elementor-section-height-default\" data-id=\"fe6c9d3\" data-element_type=\"section\">\n\t\t\t\t\t\t<div class=\"elementor-container elementor-column-gap-default\">\n\t\t\t\t\t<div class=\"elementor-column elementor-col-50 elementor-inner-column elementor-element elementor-element-2f2c231\" data-id=\"2f2c231\" data-element_type=\"column\">\n\t\t\t<div class=\"elementor-widget-wrap elementor-element-populated\">\n\t\t\t\t\t\t\t\t<div class=\"elementor-element elementor-element-691fae8 elementor-position-left elementor-vertical-align-top elementor-widget elementor-widget-image-box\" data-id=\"691fae8\" data-element_type=\"widget\" data-widget_type=\"image-box.default\">\n\t\t\t\t<div class=\"elementor-widget-container\">\n\t\t\t<div class=\"elementor-image-box-wrapper\"><figure class=\"elementor-image-box-img\"><img fetchpriority=\"high\" decoding=\"async\" width=\"1067\" height=\"1600\" src=\"https:\/\/jorn-johansen.dk\/wp-content\/uploads\/2025\/08\/A746430-Edit.jpg\" class=\"attachment-full size-full wp-image-4512\" alt=\"\" srcset=\"https:\/\/jorn-johansen.dk\/wp-content\/uploads\/2025\/08\/A746430-Edit.jpg 1067w, https:\/\/jorn-johansen.dk\/wp-content\/uploads\/2025\/08\/A746430-Edit-200x300.jpg 200w, https:\/\/jorn-johansen.dk\/wp-content\/uploads\/2025\/08\/A746430-Edit-683x1024.jpg 683w, https:\/\/jorn-johansen.dk\/wp-content\/uploads\/2025\/08\/A746430-Edit-768x1152.jpg 768w, https:\/\/jorn-johansen.dk\/wp-content\/uploads\/2025\/08\/A746430-Edit-1024x1536.jpg 1024w\" sizes=\"(max-width: 1067px) 100vw, 1067px\" \/><\/figure><div class=\"elementor-image-box-content\"><h3 class=\"elementor-image-box-title\">J\u00f8rn Johansen<\/h3><p class=\"elementor-image-box-description\">Adm. direkt\u00f8r\n<br>\njj@jorn-johansen.dk\n<br>\n+45 20 60 60 01\n<\/p><\/div><\/div>\t\t<\/div>\n\t\t\t\t<\/div>\n\t\t\t\t<div class=\"elementor-element elementor-element-dc6b903 elementor-position-left elementor-vertical-align-top elementor-widget elementor-widget-image-box\" data-id=\"dc6b903\" data-element_type=\"widget\" data-widget_type=\"image-box.default\">\n\t\t\t\t<div class=\"elementor-widget-container\">\n\t\t\t<div class=\"elementor-image-box-wrapper\"><figure class=\"elementor-image-box-img\"><img decoding=\"async\" width=\"1067\" height=\"1600\" src=\"https:\/\/jorn-johansen.dk\/wp-content\/uploads\/2025\/08\/A746609-Edit.jpg\" class=\"attachment-full size-full wp-image-4514\" alt=\"\" srcset=\"https:\/\/jorn-johansen.dk\/wp-content\/uploads\/2025\/08\/A746609-Edit.jpg 1067w, https:\/\/jorn-johansen.dk\/wp-content\/uploads\/2025\/08\/A746609-Edit-200x300.jpg 200w, https:\/\/jorn-johansen.dk\/wp-content\/uploads\/2025\/08\/A746609-Edit-683x1024.jpg 683w, https:\/\/jorn-johansen.dk\/wp-content\/uploads\/2025\/08\/A746609-Edit-768x1152.jpg 768w, https:\/\/jorn-johansen.dk\/wp-content\/uploads\/2025\/08\/A746609-Edit-1024x1536.jpg 1024w\" sizes=\"(max-width: 1067px) 100vw, 1067px\" \/><\/figure><div class=\"elementor-image-box-content\"><h3 class=\"elementor-image-box-title\">Frederik Kj\u00e6r<\/h3><p class=\"elementor-image-box-description\">Bygningskonstrukt\u00f8r, t\u00f8mrer\n<br>\nfk@jorn-johansen.dk\n<br>\n+45 20 60 60 03\n<\/p><\/div><\/div>\t\t<\/div>\n\t\t\t\t<\/div>\n\t\t\t\t<div class=\"elementor-element elementor-element-f2f0ce0 elementor-position-left elementor-vertical-align-top elementor-widget elementor-widget-image-box\" data-id=\"f2f0ce0\" data-element_type=\"widget\" data-widget_type=\"image-box.default\">\n\t\t\t\t<div class=\"elementor-widget-container\">\n\t\t\t<div class=\"elementor-image-box-wrapper\"><figure class=\"elementor-image-box-img\"><img decoding=\"async\" width=\"478\" height=\"613\" src=\"https:\/\/jorn-johansen.dk\/wp-content\/uploads\/2025\/08\/Skaermbillede-2025-08-06-095827.png\" class=\"attachment-full size-full wp-image-4526\" alt=\"\" srcset=\"https:\/\/jorn-johansen.dk\/wp-content\/uploads\/2025\/08\/Skaermbillede-2025-08-06-095827.png 478w, https:\/\/jorn-johansen.dk\/wp-content\/uploads\/2025\/08\/Skaermbillede-2025-08-06-095827-234x300.png 234w\" sizes=\"(max-width: 478px) 100vw, 478px\" \/><\/figure><div class=\"elementor-image-box-content\"><h3 class=\"elementor-image-box-title\">Haris Kapetanovic<\/h3><p class=\"elementor-image-box-description\">Bygningskonstrukt\u00f8r, t\u00f8mrer<br>\nhak@jorn-johansen.dk<br>\n+45 20 60 60 05\n<\/p><\/div><\/div>\t\t<\/div>\n\t\t\t\t<\/div>\n\t\t\t\t<div class=\"elementor-element elementor-element-f4df29c elementor-position-left elementor-vertical-align-top elementor-widget elementor-widget-image-box\" data-id=\"f4df29c\" data-element_type=\"widget\" data-widget_type=\"image-box.default\">\n\t\t\t\t<div class=\"elementor-widget-container\">\n\t\t\t<div class=\"elementor-image-box-wrapper\"><figure class=\"elementor-image-box-img\"><img loading=\"lazy\" decoding=\"async\" width=\"1707\" height=\"2560\" src=\"https:\/\/jorn-johansen.dk\/wp-content\/uploads\/2025\/08\/A740602-Edit-3-scaled.jpg\" class=\"attachment-full size-full wp-image-4516\" alt=\"\" srcset=\"https:\/\/jorn-johansen.dk\/wp-content\/uploads\/2025\/08\/A740602-Edit-3-scaled.jpg 1707w, https:\/\/jorn-johansen.dk\/wp-content\/uploads\/2025\/08\/A740602-Edit-3-200x300.jpg 200w, https:\/\/jorn-johansen.dk\/wp-content\/uploads\/2025\/08\/A740602-Edit-3-683x1024.jpg 683w, https:\/\/jorn-johansen.dk\/wp-content\/uploads\/2025\/08\/A740602-Edit-3-768x1152.jpg 768w, https:\/\/jorn-johansen.dk\/wp-content\/uploads\/2025\/08\/A740602-Edit-3-1024x1536.jpg 1024w, https:\/\/jorn-johansen.dk\/wp-content\/uploads\/2025\/08\/A740602-Edit-3-1365x2048.jpg 1365w\" sizes=\"(max-width: 1707px) 100vw, 1707px\" \/><\/figure><div class=\"elementor-image-box-content\"><h3 class=\"elementor-image-box-title\">Susanne Nielsen<\/h3><p class=\"elementor-image-box-description\">Bogholder\n<br><b>Fakturamail:<\/b><br>\nsan@jorn-johansen.dk\n<br> \n+45 20 60 60 62\n<\/p><\/div><\/div>\t\t<\/div>\n\t\t\t\t<\/div>\n\t\t\t\t\t<\/div>\n\t\t<\/div>\n\t\t\t\t<div class=\"elementor-column elementor-col-50 elementor-inner-column elementor-element elementor-element-e126d86\" data-id=\"e126d86\" data-element_type=\"column\">\n\t\t\t<div class=\"elementor-widget-wrap elementor-element-populated\">\n\t\t\t\t\t\t\t\t<div class=\"elementor-element elementor-element-006fae1 elementor-position-left elementor-vertical-align-top elementor-widget elementor-widget-image-box\" data-id=\"006fae1\" data-element_type=\"widget\" data-widget_type=\"image-box.default\">\n\t\t\t\t<div class=\"elementor-widget-container\">\n\t\t\t<div class=\"elementor-image-box-wrapper\"><figure class=\"elementor-image-box-img\"><img loading=\"lazy\" decoding=\"async\" width=\"1067\" height=\"1600\" src=\"https:\/\/jorn-johansen.dk\/wp-content\/uploads\/2025\/08\/A746621-Edit.jpg\" class=\"attachment-full size-full wp-image-4515\" alt=\"\" srcset=\"https:\/\/jorn-johansen.dk\/wp-content\/uploads\/2025\/08\/A746621-Edit.jpg 1067w, https:\/\/jorn-johansen.dk\/wp-content\/uploads\/2025\/08\/A746621-Edit-200x300.jpg 200w, https:\/\/jorn-johansen.dk\/wp-content\/uploads\/2025\/08\/A746621-Edit-683x1024.jpg 683w, https:\/\/jorn-johansen.dk\/wp-content\/uploads\/2025\/08\/A746621-Edit-768x1152.jpg 768w, https:\/\/jorn-johansen.dk\/wp-content\/uploads\/2025\/08\/A746621-Edit-1024x1536.jpg 1024w\" sizes=\"(max-width: 1067px) 100vw, 1067px\" \/><\/figure><div class=\"elementor-image-box-content\"><h3 class=\"elementor-image-box-title\">Lasse Schou<\/h3><p class=\"elementor-image-box-description\">Bygningskonstrukt\u00f8r, t\u00f8mrer\n<br>\nls@jorn-johansen.dk\n<br> \n+45 20 60 60 04\n<\/p><\/div><\/div>\t\t<\/div>\n\t\t\t\t<\/div>\n\t\t\t\t<div class=\"elementor-element elementor-element-a28e3d6 elementor-position-left elementor-vertical-align-top elementor-widget elementor-widget-image-box\" data-id=\"a28e3d6\" data-element_type=\"widget\" data-widget_type=\"image-box.default\">\n\t\t\t\t<div class=\"elementor-widget-container\">\n\t\t\t<div class=\"elementor-image-box-wrapper\"><figure class=\"elementor-image-box-img\"><img loading=\"lazy\" decoding=\"async\" width=\"1063\" height=\"1600\" src=\"https:\/\/jorn-johansen.dk\/wp-content\/uploads\/2025\/08\/A746573-Edit.jpg\" class=\"attachment-full size-full wp-image-4518\" alt=\"\" srcset=\"https:\/\/jorn-johansen.dk\/wp-content\/uploads\/2025\/08\/A746573-Edit.jpg 1063w, https:\/\/jorn-johansen.dk\/wp-content\/uploads\/2025\/08\/A746573-Edit-199x300.jpg 199w, https:\/\/jorn-johansen.dk\/wp-content\/uploads\/2025\/08\/A746573-Edit-680x1024.jpg 680w, https:\/\/jorn-johansen.dk\/wp-content\/uploads\/2025\/08\/A746573-Edit-768x1156.jpg 768w, https:\/\/jorn-johansen.dk\/wp-content\/uploads\/2025\/08\/A746573-Edit-1020x1536.jpg 1020w\" sizes=\"(max-width: 1063px) 100vw, 1063px\" \/><\/figure><div class=\"elementor-image-box-content\"><h3 class=\"elementor-image-box-title\">Helena Pelagalli<\/h3><p class=\"elementor-image-box-description\"><span style=\"font-family: &quot;Noto Sans&quot;; font-size: 15px; font-style: normal; font-variant-ligatures: normal; font-variant-caps: normal; font-weight: 400;\">Bygningskonstrukt\u00f8r, maler\n<\/span><br><span style=\"font-family: &quot;Noto Sans&quot;; font-size: 15px; font-style: normal; font-variant-ligatures: normal; font-variant-caps: normal; font-weight: 400;\">\nhcp@jorn-johansen.dk\n<\/span><br><span style=\"font-family: &quot;Noto Sans&quot;; font-size: 15px; font-style: normal; font-variant-ligatures: normal; font-variant-caps: normal; font-weight: 400;\"> \n+45 20 60 60 02<\/span>\n<\/p><\/div><\/div>\t\t<\/div>\n\t\t\t\t<\/div>\n\t\t\t\t<div class=\"elementor-element elementor-element-e5eec0d elementor-position-left elementor-vertical-align-top elementor-widget elementor-widget-image-box\" data-id=\"e5eec0d\" data-element_type=\"widget\" data-widget_type=\"image-box.default\">\n\t\t\t\t<div class=\"elementor-widget-container\">\n\t\t\t<div class=\"elementor-image-box-wrapper\"><figure class=\"elementor-image-box-img\"><img loading=\"lazy\" decoding=\"async\" width=\"1072\" height=\"1600\" src=\"https:\/\/jorn-johansen.dk\/wp-content\/uploads\/2025\/08\/A746491-Edit.jpg\" class=\"attachment-full size-full wp-image-4513\" alt=\"\" srcset=\"https:\/\/jorn-johansen.dk\/wp-content\/uploads\/2025\/08\/A746491-Edit.jpg 1072w, https:\/\/jorn-johansen.dk\/wp-content\/uploads\/2025\/08\/A746491-Edit-201x300.jpg 201w, https:\/\/jorn-johansen.dk\/wp-content\/uploads\/2025\/08\/A746491-Edit-686x1024.jpg 686w, https:\/\/jorn-johansen.dk\/wp-content\/uploads\/2025\/08\/A746491-Edit-768x1146.jpg 768w, https:\/\/jorn-johansen.dk\/wp-content\/uploads\/2025\/08\/A746491-Edit-1029x1536.jpg 1029w\" sizes=\"(max-width: 1072px) 100vw, 1072px\" \/><\/figure><div class=\"elementor-image-box-content\"><h3 class=\"elementor-image-box-title\">Simone Lehto<\/h3><p class=\"elementor-image-box-description\">Marketing Manager\n<br>\ninfo@jorn-johansen.dk\n<br>\n+45 20 60 60 07\n<\/p><\/div><\/div>\t\t<\/div>\n\t\t\t\t<\/div>\n\t\t\t\t\t<\/div>\n\t\t<\/div>\n\t\t\t\t\t\t\t<\/div>\n\t\t<\/section>\n\t\t\t\t<section class=\"elementor-section elementor-inner-section elementor-element elementor-element-ce061f7 elementor-section-boxed elementor-section-height-default elementor-section-height-default\" data-id=\"ce061f7\" data-element_type=\"section\">\n\t\t\t\t\t\t<div class=\"elementor-container elementor-column-gap-default\">\n\t\t\t\t\t<div class=\"elementor-column elementor-col-100 elementor-inner-column elementor-element elementor-element-9d97e33\" data-id=\"9d97e33\" data-element_type=\"column\">\n\t\t\t<div class=\"elementor-widget-wrap\">\n\t\t\t\t\t\t\t\t\t<\/div>\n\t\t<\/div>\n\t\t\t\t\t\t\t<\/div>\n\t\t<\/section>\n\t\t\t\t\t<\/div>\n\t\t<\/div>\n\t\t\t\t\t\t\t<\/div>\n\t\t<\/section>\n\t\t\t\t<section class=\"elementor-section elementor-top-section elementor-element elementor-element-6ae162a elementor-section-boxed elementor-section-height-default elementor-section-height-default\" data-id=\"6ae162a\" data-element_type=\"section\" id=\"testimonials\" data-settings=\"{&quot;background_background&quot;:&quot;classic&quot;,&quot;shape_divider_top&quot;:&quot;triangle-asymmetrical&quot;,&quot;shape_divider_bottom&quot;:&quot;triangle-asymmetrical&quot;}\">\n\t\t\t\t\t\t\t<div class=\"elementor-background-overlay\"><\/div>\n\t\t\t\t\t\t<div class=\"elementor-shape elementor-shape-top\" data-negative=\"false\">\n\t\t\t<svg xmlns=\"http:\/\/www.w3.org\/2000\/svg\" viewBox=\"0 0 1000 100\" preserveAspectRatio=\"none\">\n\t<path class=\"elementor-shape-fill\" d=\"M738,99l262-93V0H0v5.6L738,99z\"\/>\n<\/svg>\t\t<\/div>\n\t\t\t\t<div class=\"elementor-shape elementor-shape-bottom\" data-negative=\"false\">\n\t\t\t<svg xmlns=\"http:\/\/www.w3.org\/2000\/svg\" viewBox=\"0 0 1000 100\" preserveAspectRatio=\"none\">\n\t<path class=\"elementor-shape-fill\" d=\"M738,99l262-93V0H0v5.6L738,99z\"\/>\n<\/svg>\t\t<\/div>\n\t\t\t\t\t<div class=\"elementor-container elementor-column-gap-default\">\n\t\t\t\t\t<div class=\"elementor-column elementor-col-100 elementor-top-column elementor-element elementor-element-ba2758b\" data-id=\"ba2758b\" data-element_type=\"column\">\n\t\t\t<div class=\"elementor-widget-wrap\">\n\t\t\t\t\t\t\t\t\t<\/div>\n\t\t<\/div>\n\t\t\t\t\t\t\t<\/div>\n\t\t<\/section>\n\t\t\t\t\t\t\t<\/div>\n\t\t","protected":false},"excerpt":{"rendered":"<p>Kontakt J\u00f8rn Johansen Adm. direkt\u00f8r jj@jorn-johansen.dk +45 20 60 60 01 Frederik Kj\u00e6r Bygningskonstrukt\u00f8r, t\u00f8mrer fk@jorn-johansen.dk +45 20 60 60 03 Haris Kapetanovic Bygningskonstrukt\u00f8r, t\u00f8mrer hak@jorn-johansen.dk +45 20 60 60 05 Susanne Nielsen Bogholder Fakturamail: san@jorn-johansen.dk +45 20 60 60 62 Lasse Schou Bygningskonstrukt\u00f8r, t\u00f8mrer ls@jorn-johansen.dk +45 20 60 60 04 Helena Pelagalli Bygningskonstrukt\u00f8r, maler [&hellip;]<\/p>\n","protected":false},"author":1,"featured_media":2879,"parent":0,"menu_order":0,"comment_status":"closed","ping_status":"closed","template":"","meta":{"footnotes":""},"_links":{"self":[{"href":"https:\/\/jorn-johansen.dk\/index.php\/wp-json\/wp\/v2\/pages\/2878"}],"collection":[{"href":"https:\/\/jorn-johansen.dk\/index.php\/wp-json\/wp\/v2\/pages"}],"about":[{"href":"https:\/\/jorn-johansen.dk\/index.php\/wp-json\/wp\/v2\/types\/page"}],"author":[{"embeddable":true,"href":"https:\/\/jorn-johansen.dk\/index.php\/wp-json\/wp\/v2\/users\/1"}],"replies":[{"embeddable":true,"href":"https:\/\/jorn-johansen.dk\/index.php\/wp-json\/wp\/v2\/comments?post=2878"}],"version-history":[{"count":103,"href":"https:\/\/jorn-johansen.dk\/index.php\/wp-json\/wp\/v2\/pages\/2878\/revisions"}],"predecessor-version":[{"id":4536,"href":"https:\/\/jorn-johansen.dk\/index.php\/wp-json\/wp\/v2\/pages\/2878\/revisions\/4536"}],"wp:featuredmedia":[{"embeddable":true,"href":"https:\/\/jorn-johansen.dk\/index.php\/wp-json\/wp\/v2\/media\/2879"}],"wp:attachment":[{"href":"https:\/\/jorn-johansen.dk\/index.php\/wp-json\/wp\/v2\/media?parent=2878"}],"curies":[{"name":"wp","href":"https:\/\/api.w.org\/{rel}","templated":true}]}}